{"id":2984,"date":"2025-03-25T00:37:50","date_gmt":"2025-03-25T00:37:50","guid":{"rendered":"https:\/\/www.grupo2001.mx\/tienda\/?post_type=product&#038;p=2984"},"modified":"2025-03-25T00:59:20","modified_gmt":"2025-03-25T00:59:20","slug":"mono-gigante-dorado-metalico-coche-camioneta","status":"publish","type":"product","link":"https:\/\/www.grupo2001.mx\/tienda\/producto\/mono-gigante-dorado-metalico-coche-camioneta\/","title":{"rendered":"MO\u00d1O GIGANTE DORADO METALICO COCHE CAMIONETA"},"content":{"rendered":"<p>Todos nuestros mo\u00f1os Se fabrican al momento, para entregarles mo\u00f1os en buen estado,\u00a0 El tiempo de entrega variara en funci\u00f3n a la cantidad comprada<\/p>\n<p>En promedio de 1 a 5 mo\u00f1os\u00a0 mismo d\u00eda o d\u00eda siguiente, dependiendo de la hora de compra<\/p>\n","protected":false},"excerpt":{"rendered":"<p>Son mo\u00f1os Bomb\u00f3n que en su hechura puede variar +- 5cm<\/p>\n<p>En el mismo color\u00a0 pueden elegir entre<\/p>\n<p>35-30cm\u00a0 \u00a0 \u00a0 \u00a0 \u00a0 \u00a0 \u00a0 \u00a0 \u00a0 \u00a0 \u00a055-50cm<\/p>\n<p>40-35cm\u00a0 \u00a0 \u00a0 \u00a0 \u00a0 \u00a0 \u00a0 \u00a0 \u00a0 \u00a0 \u00a0 60-55cm<\/p>\n<p>45-40cm\u00a0 \u00a0 \u00a0 \u00a0 \u00a0 \u00a0 \u00a0 \u00a0 \u00a0 \u00a0 \u00a0 \u00a070-65cm<\/p>\n<p>50-45cm\u00a0 \u00a0 \u00a0 \u00a0 \u00a0 \u00a0 \u00a0 \u00a0 \u00a0 \u00a0 \u00a0 \u00a0 80-75cm<\/p>\n<p>Abajo elige la opci\u00f3n del tama\u00f1o que deseas y veras el Precio correspondiente<\/p>\n<p>&nbsp;<\/p>\n","protected":false},"featured_media":2993,"template":"","meta":[],"product_brand":[],"product_cat":[175],"product_tag":[172,168,171,170,169],"class_list":{"0":"post-2984","1":"product","2":"type-product","3":"status-publish","4":"has-post-thumbnail","6":"product_cat-metalicos","7":"product_tag-fabrica-de-monos","8":"product_tag-monos-gigantes","9":"product_tag-monos-para-boda","10":"product_tag-monos-para-camioneta","11":"product_tag-monos-para-coche","12":"thunk-woo-product-list","13":"opn-qv-enable","14":"top-store-woo-hover-zoom","15":"top-store-single-product-tab-horizontal","16":"top-store-shadow-","17":"top-store-shadow-hover-","19":"first","20":"instock","21":"taxable","22":"shipping-taxable","23":"purchasable","24":"product-type-variable"},"_links":{"self":[{"href":"https:\/\/www.grupo2001.mx\/tienda\/wp-json\/wp\/v2\/product\/2984","targetHints":{"allow":["GET"]}}],"collection":[{"href":"https:\/\/www.grupo2001.mx\/tienda\/wp-json\/wp\/v2\/product"}],"about":[{"href":"https:\/\/www.grupo2001.mx\/tienda\/wp-json\/wp\/v2\/types\/product"}],"wp:featuredmedia":[{"embeddable":true,"href":"https:\/\/www.grupo2001.mx\/tienda\/wp-json\/wp\/v2\/media\/2993"}],"wp:attachment":[{"href":"https:\/\/www.grupo2001.mx\/tienda\/wp-json\/wp\/v2\/media?parent=2984"}],"wp:term":[{"taxonomy":"product_brand","embeddable":true,"href":"https:\/\/www.grupo2001.mx\/tienda\/wp-json\/wp\/v2\/product_brand?post=2984"},{"taxonomy":"product_cat","embeddable":true,"href":"https:\/\/www.grupo2001.mx\/tienda\/wp-json\/wp\/v2\/product_cat?post=2984"},{"taxonomy":"product_tag","embeddable":true,"href":"https:\/\/www.grupo2001.mx\/tienda\/wp-json\/wp\/v2\/product_tag?post=2984"}],"curies":[{"name":"wp","href":"https:\/\/api.w.org\/{rel}","templated":true}]}}